{"id":750,"date":"2020-11-26T11:15:54","date_gmt":"2020-11-26T10:15:54","guid":{"rendered":"https:\/\/activcellgroup.com\/?page_id=750"},"modified":"2020-12-04T13:02:54","modified_gmt":"2020-12-04T12:02:54","slug":"impressum","status":"publish","type":"page","link":"https:\/\/activcellgroup.com\/de\/impressum\/","title":{"rendered":"Impressum"},"content":{"rendered":"\n<style type=\"text\/css\" data-created_by=\"avia_inline_auto\" id=\"style-css-av-17nf-6fb077b5ba7163023b911dd24cb6c6f0\">\n.avia-section.av-17nf-6fb077b5ba7163023b911dd24cb6c6f0{\nmargin-top:0px;\nmargin-bottom:0px;\n}\n<\/style>\n<div id='av_section_1'  class='avia-section av-17nf-6fb077b5ba7163023b911dd24cb6c6f0 main_color avia-section-small avia-no-border-styling  avia-builder-el-0  el_before_av_section  avia-builder-el-first  activcell-border-top avia-bg-style-scroll container_wrap fullsize'  ><div class='container av-section-cont-open' ><main  role=\"main\" itemprop=\"mainContentOfPage\"  class='template-page content  av-content-full alpha units'><div class='post-entry post-entry-type-page post-entry-750'><div class='entry-content-wrapper clearfix'>\n\n<style type=\"text\/css\" data-created_by=\"avia_inline_auto\" id=\"style-css-av-kh3ma3ph-54b0e08e50747b29cf636c8f6e64e47c\">\n#top .hr.hr-invisible.av-kh3ma3ph-54b0e08e50747b29cf636c8f6e64e47c{\nheight:40px;\n}\n<\/style>\n<div  class='hr av-kh3ma3ph-54b0e08e50747b29cf636c8f6e64e47c hr-invisible  avia-builder-el-1  el_before_av_textblock  avia-builder-el-first '><span class='hr-inner '><span class=\"hr-inner-style\"><\/span><\/span><\/div>\n<section  class='av_textblock_section av-kgsacsqt-2c9f3a299961e9a057742331df07dac8 '   itemscope=\"itemscope\" itemtype=\"https:\/\/schema.org\/CreativeWork\" ><div class='avia_textblock'  itemprop=\"text\" ><h1 style=\"text-align: center;\">Impressum<\/h1>\n<\/div><\/section>\n\n<style type=\"text\/css\" data-created_by=\"avia_inline_auto\" id=\"style-css-av-kgsae5fl-3c9780ab4856df05c9301c2f31b374c0\">\n#top .hr.av-kgsae5fl-3c9780ab4856df05c9301c2f31b374c0{\nmargin-top:0px;\nmargin-bottom:55px;\n}\n.hr.av-kgsae5fl-3c9780ab4856df05c9301c2f31b374c0 .hr-inner{\nwidth:180px;\nborder-color:#2ca5fc;\n}\n<\/style>\n<div  class='hr av-kgsae5fl-3c9780ab4856df05c9301c2f31b374c0 hr-custom  avia-builder-el-3  el_after_av_textblock  avia-builder-el-last  hr-center hr-icon-no'><span class='hr-inner inner-border-av-border-fat'><span class=\"hr-inner-style\"><\/span><\/span><\/div>\n\n<\/div><\/div><\/main><!-- close content main element --><\/div><\/div><div id='av_section_2'  class='avia-section av-9mc3-4946c15853de31d57c068016fd88f6a8 alternate_color avia-section-large avia-no-border-styling  avia-builder-el-4  el_after_av_section  avia-builder-el-last  container-smaller avia-bg-style-scroll container_wrap fullsize'  ><div class='container av-section-cont-open' ><div class='template-page content  av-content-full alpha units'><div class='post-entry post-entry-type-page post-entry-750'><div class='entry-content-wrapper clearfix'>\n<div class='flex_column_table av-460b-21ec600c35b060223b56319031e88a8d sc-av_one_half av-equal-height-column-flextable'>\n<style type=\"text\/css\" data-created_by=\"avia_inline_auto\" id=\"style-css-av-460b-21ec600c35b060223b56319031e88a8d\">\n.flex_column.av-460b-21ec600c35b060223b56319031e88a8d{\nborder-radius:0px 0px 0px 0px;\npadding:0px 0px 0px 0px;\n}\n<\/style>\n<div  class='flex_column av-460b-21ec600c35b060223b56319031e88a8d av_one_half  avia-builder-el-5  el_before_av_one_half  avia-builder-el-first  first flex_column_table_cell av-equal-height-column av-align-top av-animated-generic fade-in av-zero-column-padding  '     ><section  class='av_textblock_section av-kgsa0dn1-801cfa6cb2e77cd6db9c10cf57ac90b7 '   itemscope=\"itemscope\" itemtype=\"https:\/\/schema.org\/CreativeWork\" ><div class='avia_textblock av_inherit_color'  itemprop=\"text\" ><h4 class=\"activcell-color\">Kontaktadresse:<\/h4>\n<p>ActivCell Group AG<br \/>\nLuzernerstrasse 20<br \/>\n6295 Mosen<br \/>\nSchweiz<\/p>\n<p>Tel. +41 41 924 1188<\/p>\n<p>info@activcellgroup.com<\/p>\n<h4 class=\"activcell-color\">Handelsregistereintrag:<\/h4>\n<p>Eingetragener Firmenname: ActivCell Group AG<br \/>\nUID: CHE-332.195.613<br \/>\nHandelsregisteramt: Luzern<\/p>\n<\/div><\/section><\/div><div class='av-flex-placeholder'><\/div>\n<style type=\"text\/css\" data-created_by=\"avia_inline_auto\" id=\"style-css-av-460b-eb10befb36b85a2ac3c74f981e90c224\">\n.flex_column.av-460b-eb10befb36b85a2ac3c74f981e90c224{\nborder-radius:0px 0px 0px 0px;\npadding:0px 0px 0px 0px;\n}\n<\/style>\n<div  class='flex_column av-460b-eb10befb36b85a2ac3c74f981e90c224 av_one_half  avia-builder-el-7  el_after_av_one_half  avia-builder-el-last  flex_column_table_cell av-equal-height-column av-align-top av-animated-generic fade-in av-zero-column-padding  '     ><section  class='av_textblock_section av-kgsa0dn1-801cfa6cb2e77cd6db9c10cf57ac90b7 '   itemscope=\"itemscope\" itemtype=\"https:\/\/schema.org\/CreativeWork\" ><div class='avia_textblock av_inherit_color'  itemprop=\"text\" ><h4 class=\"activcell-color\">Haftungsausschluss:<\/h4>\n<p>Der Autor \u00fcbernimmt keinerlei Gew\u00e4hr hinsichtlich der inhaltlichen Richtigkeit, Genauigkeit, Aktualit\u00e4t, Zuverl\u00e4ssigkeit und Vollst\u00e4ndigkeit der Informationen.<\/p>\n<p>Haftungsanspr\u00fcche gegen den Autor wegen Sch\u00e4den materieller oder immaterieller Art, welche aus dem Zugriff oder der Nutzung bzw. Nichtnutzung der ver\u00f6ffentlichten Informationen, durch Missbrauch der Verbindung oder durch technische St\u00f6rungen entstanden sind, werden ausgeschlossen.<\/p>\n<p>Alle Angebote sind unverbindlich. Der Autor beh\u00e4lt es sich ausdr\u00fccklich vor, Teile der Seiten oder das gesamte Angebot ohne gesonderte Ank\u00fcndigung zu ver\u00e4ndern, zu erg\u00e4nzen, zu l\u00f6schen oder die Ver\u00f6ffentlichung zeitweise oder endg\u00fcltig einzustellen.<\/p>\n<h4 class=\"activcell-color\">Haftung f\u00fcr Links<\/h4>\n<p>Verweise und Links auf Webseiten Dritter liegen ausserhalb unseres Verantwortungsbereichs Es wird jegliche Verantwortung f\u00fcr solche Webseiten abgelehnt. Der Zugriff und die Nutzung solcher Webseiten erfolgen auf eigene Gefahr des Nutzers oder der Nutzerin.<\/p>\n<h4 class=\"activcell-color\">Urheberrechte<\/h4>\n<p>Die Urheber- und alle anderen Rechte an Inhalten, Bildern, Fotos oder anderen Dateien auf der Website geh\u00f6ren ausschliesslich der Firma ActivCell Group AG oder den speziell genannten Rechtsinhabern. F\u00fcr die Reproduktion jeglicher Elemente ist die schriftliche Zustimmung der Urheberrechtstr\u00e4ger im Voraus einzuholen.<\/p>\n<p>Fotocredits: <a href=\"https:\/\/activcellgroup.com\/wp-content\/uploads\/ActivCell-Group_Webseite_Photocredits.pdf\" target=\"_blank\" rel=\"noopener\">Hier herunterladen (PDF)<\/a><\/p>\n<h4 class=\"activcell-color\">Quelle<\/h4>\n<p>Dieses Impressum wurde am 27.10.2016 mit dem Impressum-Generator http:\/\/www.bag.ch\/impressum-generator der Firma Brunner Medien AG, Druck und Medien, in Kriens erstellt. Die Brunner Medien AG, Druck und Medien, in Kriens \u00fcbernimmt keine Haftung.<\/p>\n<\/div><\/section><\/div><\/div><!--close column table wrapper. Autoclose: 1 -->\n","protected":false},"excerpt":{"rendered":"","protected":false},"author":3,"featured_media":0,"parent":0,"menu_order":0,"comment_status":"closed","ping_status":"closed","template":"","meta":{"footnotes":""},"class_list":["post-750","page","type-page","status-publish","hentry"],"yoast_head":"<!-- This site is optimized with the Yoast SEO plugin v27.1.1 - https:\/\/yoast.com\/product\/yoast-seo-wordpress\/ -->\n<title>Impressum - ActivCell Group AG<\/title>\n<meta name=\"description\" content=\"Das Impressum der ActivCell Group AG mit Handelsregistereintrag, Registrierungs-ID und Kontaktdaten.\" \/>\n<meta name=\"robots\" content=\"index, follow, max-snippet:-1, max-image-preview:large, max-video-preview:-1\" \/>\n<link rel=\"canonical\" href=\"https:\/\/activcellgroup.com\/de\/impressum\/\" \/>\n<meta property=\"og:locale\" content=\"de_DE\" \/>\n<meta property=\"og:type\" content=\"article\" \/>\n<meta property=\"og:title\" content=\"Impressum - ActivCell Group AG\" \/>\n<meta property=\"og:description\" content=\"Das Impressum der ActivCell Group AG mit Handelsregistereintrag, Registrierungs-ID und Kontaktdaten.\" \/>\n<meta property=\"og:url\" content=\"https:\/\/activcellgroup.com\/de\/impressum\/\" \/>\n<meta property=\"og:site_name\" content=\"ActivCell Group AG\" \/>\n<meta property=\"article:modified_time\" content=\"2020-12-04T12:02:54+00:00\" \/>\n<meta name=\"twitter:card\" content=\"summary_large_image\" \/>\n<meta name=\"twitter:label1\" content=\"Gesch\u00e4tzte Lesezeit\" \/>\n\t<meta name=\"twitter:data1\" content=\"5\u00a0Minuten\" \/>\n<script type=\"application\/ld+json\" class=\"yoast-schema-graph\">{\"@context\":\"https:\/\/schema.org\",\"@graph\":[{\"@type\":\"WebPage\",\"@id\":\"https:\/\/activcellgroup.com\/de\/impressum\/\",\"url\":\"https:\/\/activcellgroup.com\/de\/impressum\/\",\"name\":\"Impressum - ActivCell Group AG\",\"isPartOf\":{\"@id\":\"https:\/\/activcellgroup.com\/de\/#website\"},\"datePublished\":\"2020-11-26T10:15:54+00:00\",\"dateModified\":\"2020-12-04T12:02:54+00:00\",\"description\":\"Das Impressum der ActivCell Group AG mit Handelsregistereintrag, Registrierungs-ID und Kontaktdaten.\",\"breadcrumb\":{\"@id\":\"https:\/\/activcellgroup.com\/de\/impressum\/#breadcrumb\"},\"inLanguage\":\"de\",\"potentialAction\":[{\"@type\":\"ReadAction\",\"target\":[\"https:\/\/activcellgroup.com\/de\/impressum\/\"]}]},{\"@type\":\"BreadcrumbList\",\"@id\":\"https:\/\/activcellgroup.com\/de\/impressum\/#breadcrumb\",\"itemListElement\":[{\"@type\":\"ListItem\",\"position\":1,\"name\":\"Startseite\",\"item\":\"https:\/\/activcellgroup.com\/de\/\"},{\"@type\":\"ListItem\",\"position\":2,\"name\":\"Impressum\"}]},{\"@type\":\"WebSite\",\"@id\":\"https:\/\/activcellgroup.com\/de\/#website\",\"url\":\"https:\/\/activcellgroup.com\/de\/\",\"name\":\"ActivCell Group AG\",\"description\":\"Kaltplasmatherapie f\u00fcr die medizinische Praxis\",\"publisher\":{\"@id\":\"https:\/\/activcellgroup.com\/de\/#organization\"},\"potentialAction\":[{\"@type\":\"SearchAction\",\"target\":{\"@type\":\"EntryPoint\",\"urlTemplate\":\"https:\/\/activcellgroup.com\/de\/?s={search_term_string}\"},\"query-input\":{\"@type\":\"PropertyValueSpecification\",\"valueRequired\":true,\"valueName\":\"search_term_string\"}}],\"inLanguage\":\"de\"},{\"@type\":\"Organization\",\"@id\":\"https:\/\/activcellgroup.com\/de\/#organization\",\"name\":\"ActivCell Group AG\",\"url\":\"https:\/\/activcellgroup.com\/de\/\",\"logo\":{\"@type\":\"ImageObject\",\"inLanguage\":\"de\",\"@id\":\"https:\/\/activcellgroup.com\/de\/#\/schema\/logo\/image\/\",\"url\":\"https:\/\/activcellgroup.com\/wp-content\/uploads\/activcell-group.jpg\",\"contentUrl\":\"https:\/\/activcellgroup.com\/wp-content\/uploads\/activcell-group.jpg\",\"width\":461,\"height\":275,\"caption\":\"ActivCell Group AG\"},\"image\":{\"@id\":\"https:\/\/activcellgroup.com\/de\/#\/schema\/logo\/image\/\"}}]}<\/script>\n<!-- \/ Yoast SEO plugin. -->","yoast_head_json":{"title":"Impressum - ActivCell Group AG","description":"Das Impressum der ActivCell Group AG mit Handelsregistereintrag, Registrierungs-ID und Kontaktdaten.","robots":{"index":"index","follow":"follow","max-snippet":"max-snippet:-1","max-image-preview":"max-image-preview:large","max-video-preview":"max-video-preview:-1"},"canonical":"https:\/\/activcellgroup.com\/de\/impressum\/","og_locale":"de_DE","og_type":"article","og_title":"Impressum - ActivCell Group AG","og_description":"Das Impressum der ActivCell Group AG mit Handelsregistereintrag, Registrierungs-ID und Kontaktdaten.","og_url":"https:\/\/activcellgroup.com\/de\/impressum\/","og_site_name":"ActivCell Group AG","article_modified_time":"2020-12-04T12:02:54+00:00","twitter_card":"summary_large_image","twitter_misc":{"Gesch\u00e4tzte Lesezeit":"5\u00a0Minuten"},"schema":{"@context":"https:\/\/schema.org","@graph":[{"@type":"WebPage","@id":"https:\/\/activcellgroup.com\/de\/impressum\/","url":"https:\/\/activcellgroup.com\/de\/impressum\/","name":"Impressum - ActivCell Group AG","isPartOf":{"@id":"https:\/\/activcellgroup.com\/de\/#website"},"datePublished":"2020-11-26T10:15:54+00:00","dateModified":"2020-12-04T12:02:54+00:00","description":"Das Impressum der ActivCell Group AG mit Handelsregistereintrag, Registrierungs-ID und Kontaktdaten.","breadcrumb":{"@id":"https:\/\/activcellgroup.com\/de\/impressum\/#breadcrumb"},"inLanguage":"de","potentialAction":[{"@type":"ReadAction","target":["https:\/\/activcellgroup.com\/de\/impressum\/"]}]},{"@type":"BreadcrumbList","@id":"https:\/\/activcellgroup.com\/de\/impressum\/#breadcrumb","itemListElement":[{"@type":"ListItem","position":1,"name":"Startseite","item":"https:\/\/activcellgroup.com\/de\/"},{"@type":"ListItem","position":2,"name":"Impressum"}]},{"@type":"WebSite","@id":"https:\/\/activcellgroup.com\/de\/#website","url":"https:\/\/activcellgroup.com\/de\/","name":"ActivCell Group AG","description":"Kaltplasmatherapie f\u00fcr die medizinische Praxis","publisher":{"@id":"https:\/\/activcellgroup.com\/de\/#organization"},"potentialAction":[{"@type":"SearchAction","target":{"@type":"EntryPoint","urlTemplate":"https:\/\/activcellgroup.com\/de\/?s={search_term_string}"},"query-input":{"@type":"PropertyValueSpecification","valueRequired":true,"valueName":"search_term_string"}}],"inLanguage":"de"},{"@type":"Organization","@id":"https:\/\/activcellgroup.com\/de\/#organization","name":"ActivCell Group AG","url":"https:\/\/activcellgroup.com\/de\/","logo":{"@type":"ImageObject","inLanguage":"de","@id":"https:\/\/activcellgroup.com\/de\/#\/schema\/logo\/image\/","url":"https:\/\/activcellgroup.com\/wp-content\/uploads\/activcell-group.jpg","contentUrl":"https:\/\/activcellgroup.com\/wp-content\/uploads\/activcell-group.jpg","width":461,"height":275,"caption":"ActivCell Group AG"},"image":{"@id":"https:\/\/activcellgroup.com\/de\/#\/schema\/logo\/image\/"}}]}},"_links":{"self":[{"href":"https:\/\/activcellgroup.com\/de\/wp-json\/wp\/v2\/pages\/750","targetHints":{"allow":["GET"]}}],"collection":[{"href":"https:\/\/activcellgroup.com\/de\/wp-json\/wp\/v2\/pages"}],"about":[{"href":"https:\/\/activcellgroup.com\/de\/wp-json\/wp\/v2\/types\/page"}],"author":[{"embeddable":true,"href":"https:\/\/activcellgroup.com\/de\/wp-json\/wp\/v2\/users\/3"}],"replies":[{"embeddable":true,"href":"https:\/\/activcellgroup.com\/de\/wp-json\/wp\/v2\/comments?post=750"}],"version-history":[{"count":0,"href":"https:\/\/activcellgroup.com\/de\/wp-json\/wp\/v2\/pages\/750\/revisions"}],"wp:attachment":[{"href":"https:\/\/activcellgroup.com\/de\/wp-json\/wp\/v2\/media?parent=750"}],"curies":[{"name":"wp","href":"https:\/\/api.w.org\/{rel}","templated":true}]}}