{"id":931,"date":"2020-12-01T19:41:43","date_gmt":"2020-12-01T18:41:43","guid":{"rendered":"https:\/\/activcellgroup.com\/?page_id=931"},"modified":"2024-11-13T11:00:14","modified_gmt":"2024-11-13T10:00:14","slug":"activcell","status":"publish","type":"page","link":"https:\/\/activcellgroup.com\/de\/activcell\/","title":{"rendered":"ActivCell &#8211; Kaltplasmatechnologie f\u00fcr die Humanmedizin"},"content":{"rendered":"\n<style type=\"text\/css\" data-created_by=\"avia_inline_auto\" id=\"style-css-av-kgzi8537-fd2782ebac320f56f0a36aff38c34a52\">\n.avia-section.av-kgzi8537-fd2782ebac320f56f0a36aff38c34a52{\nmargin-top:0px;\nmargin-bottom:0px;\n}\n<\/style>\n<div id='av_section_1'  class='avia-section av-kgzi8537-fd2782ebac320f56f0a36aff38c34a52 main_color avia-section-small avia-no-border-styling  avia-builder-el-0  el_before_av_section  avia-builder-el-first  activcell-border-top avia-bg-style-scroll container_wrap fullsize'  ><div class='container av-section-cont-open' ><main  role=\"main\" itemprop=\"mainContentOfPage\"  class='template-page content  av-content-full alpha units'><div class='post-entry post-entry-type-page post-entry-931'><div class='entry-content-wrapper clearfix'>\n\n<style type=\"text\/css\" data-created_by=\"avia_inline_auto\" id=\"style-css-av-kh0g7899-41eb8ba26810c2066b01c230f6c22de9\">\n#top .hr.hr-invisible.av-kh0g7899-41eb8ba26810c2066b01c230f6c22de9{\nheight:40px;\n}\n<\/style>\n<div  class='hr av-kh0g7899-41eb8ba26810c2066b01c230f6c22de9 hr-invisible  avia-builder-el-1  el_before_av_textblock  avia-builder-el-first '><span class='hr-inner '><span class=\"hr-inner-style\"><\/span><\/span><\/div>\n\n<style type=\"text\/css\" data-created_by=\"avia_inline_auto\" id=\"style-css-av-kgqp88ge-d3cee2b06703afe8617876fe07310f39\">\n#top .av_textblock_section.av-kgqp88ge-d3cee2b06703afe8617876fe07310f39 .avia_textblock{\ncolor:#1b2b58;\n}\n<\/style>\n<section  class='av_textblock_section av-kgqp88ge-d3cee2b06703afe8617876fe07310f39 '   itemscope=\"itemscope\" itemtype=\"https:\/\/schema.org\/CreativeWork\" ><div class='avia_textblock av_inherit_color'  itemprop=\"text\" ><h1 style=\"text-align: center;\">Kaltplasmatechnologie<br \/>\nf\u00fcr die Humanmedizin<\/h1>\n<\/div><\/section>\n\n<style type=\"text\/css\" data-created_by=\"avia_inline_auto\" id=\"style-css-av-kgqptk8p-58d8b98f3e7e867bbc01533673c480c8\">\n#top .hr.av-kgqptk8p-58d8b98f3e7e867bbc01533673c480c8{\nmargin-top:0px;\nmargin-bottom:0px;\n}\n.hr.av-kgqptk8p-58d8b98f3e7e867bbc01533673c480c8 .hr-inner{\nwidth:180px;\nborder-color:#2ca5fc;\n}\n<\/style>\n<div  class='hr av-kgqptk8p-58d8b98f3e7e867bbc01533673c480c8 hr-custom  avia-builder-el-3  el_after_av_textblock  avia-builder-el-last  hr-center hr-icon-no'><span class='hr-inner inner-border-av-border-fat'><span class=\"hr-inner-style\"><\/span><\/span><\/div>\n\n<\/div><\/div><\/main><!-- close content main element --><\/div><\/div>\n<style type=\"text\/css\" data-created_by=\"avia_inline_auto\" id=\"style-css-av-kh0ftjj0-17a983196651c64598b6b36b7d8798e7\">\n.avia-section.av-kh0ftjj0-17a983196651c64598b6b36b7d8798e7{\nmargin-top:0px;\nmargin-bottom:70px;\n}\n<\/style>\n<div id='av_section_2'  class='avia-section av-kh0ftjj0-17a983196651c64598b6b36b7d8798e7 main_color avia-section-no-padding avia-no-border-styling  avia-builder-el-4  el_after_av_section  avia-builder-el-last  container-smaller avia-bg-style-scroll container_wrap fullsize'  ><div class='container av-section-cont-open' ><div class='template-page content  av-content-full alpha units'><div class='post-entry post-entry-type-page post-entry-931'><div class='entry-content-wrapper clearfix'>\n<section  class='av_textblock_section av-kgqp88ge-1-3f19ff22f3db613e72ea3919933aaadd '   itemscope=\"itemscope\" itemtype=\"https:\/\/schema.org\/CreativeWork\" ><div class='avia_textblock intro av_inherit_color'  itemprop=\"text\" ><p style=\"text-align: center;\">Der <strong>ActivCell<\/strong>pen<sup>\u00ae<\/sup> hat am 20.07.2023 das CE-Zertifikat (Ger\u00e4te-Kategorie: MDA f\u00fcr Wund- und Hautversorgung) gem\u00e4ss Medical Device Regulation (MDR) f\u00fcr Europa erhalten. Dieses Zertifikat best\u00e4tigt die Konformit\u00e4t unseres Produktes mit den strengen Anforderungen der MDR.<\/p>\n<p style=\"text-align: center;\">Der Markteintritt ist in Vorbereitung.<\/p>\n<\/div><\/section>\n\n","protected":false},"excerpt":{"rendered":"","protected":false},"author":3,"featured_media":0,"parent":0,"menu_order":0,"comment_status":"closed","ping_status":"closed","template":"","meta":{"footnotes":""},"class_list":["post-931","page","type-page","status-publish","hentry"],"yoast_head":"<!-- This site is optimized with the Yoast SEO plugin v27.1.1 - https:\/\/yoast.com\/product\/yoast-seo-wordpress\/ -->\n<title>ActivCellpen - Kaltplasmatherapie f\u00fcr die Humanmedizin<\/title>\n<meta name=\"description\" content=\"Modernste Kaltplasmatechnologie f\u00fcr die Anwendung in der Humanmedizin mittels eines handlichen, kabellosen Pen.\" \/>\n<meta name=\"robots\" content=\"index, follow, max-snippet:-1, max-image-preview:large, max-video-preview:-1\" \/>\n<link rel=\"canonical\" href=\"https:\/\/activcellgroup.com\/de\/activcell\/\" \/>\n<meta property=\"og:locale\" content=\"de_DE\" \/>\n<meta property=\"og:type\" content=\"article\" \/>\n<meta property=\"og:title\" content=\"ActivCellpen - Kaltplasmatherapie f\u00fcr die Humanmedizin\" \/>\n<meta property=\"og:description\" content=\"Modernste Kaltplasmatechnologie f\u00fcr die Anwendung in der Humanmedizin mittels eines handlichen, kabellosen Pen.\" \/>\n<meta property=\"og:url\" content=\"https:\/\/activcellgroup.com\/de\/activcell\/\" \/>\n<meta property=\"og:site_name\" content=\"ActivCell Group AG\" \/>\n<meta property=\"article:modified_time\" content=\"2024-11-13T10:00:14+00:00\" \/>\n<meta name=\"twitter:card\" content=\"summary_large_image\" \/>\n<script type=\"application\/ld+json\" class=\"yoast-schema-graph\">{\"@context\":\"https:\/\/schema.org\",\"@graph\":[{\"@type\":\"WebPage\",\"@id\":\"https:\/\/activcellgroup.com\/de\/activcell\/\",\"url\":\"https:\/\/activcellgroup.com\/de\/activcell\/\",\"name\":\"ActivCellpen - Kaltplasmatherapie f\u00fcr die Humanmedizin\",\"isPartOf\":{\"@id\":\"https:\/\/activcellgroup.com\/de\/#website\"},\"datePublished\":\"2020-12-01T18:41:43+00:00\",\"dateModified\":\"2024-11-13T10:00:14+00:00\",\"description\":\"Modernste Kaltplasmatechnologie f\u00fcr die Anwendung in der Humanmedizin mittels eines handlichen, kabellosen Pen.\",\"breadcrumb\":{\"@id\":\"https:\/\/activcellgroup.com\/de\/activcell\/#breadcrumb\"},\"inLanguage\":\"de\",\"potentialAction\":[{\"@type\":\"ReadAction\",\"target\":[\"https:\/\/activcellgroup.com\/de\/activcell\/\"]}]},{\"@type\":\"BreadcrumbList\",\"@id\":\"https:\/\/activcellgroup.com\/de\/activcell\/#breadcrumb\",\"itemListElement\":[{\"@type\":\"ListItem\",\"position\":1,\"name\":\"Startseite\",\"item\":\"https:\/\/activcellgroup.com\/de\/\"},{\"@type\":\"ListItem\",\"position\":2,\"name\":\"ActivCell &#8211; Kaltplasmatechnologie f\u00fcr die Humanmedizin\"}]},{\"@type\":\"WebSite\",\"@id\":\"https:\/\/activcellgroup.com\/de\/#website\",\"url\":\"https:\/\/activcellgroup.com\/de\/\",\"name\":\"ActivCell Group AG\",\"description\":\"Kaltplasmatherapie f\u00fcr die medizinische Praxis\",\"publisher\":{\"@id\":\"https:\/\/activcellgroup.com\/de\/#organization\"},\"potentialAction\":[{\"@type\":\"SearchAction\",\"target\":{\"@type\":\"EntryPoint\",\"urlTemplate\":\"https:\/\/activcellgroup.com\/de\/?s={search_term_string}\"},\"query-input\":{\"@type\":\"PropertyValueSpecification\",\"valueRequired\":true,\"valueName\":\"search_term_string\"}}],\"inLanguage\":\"de\"},{\"@type\":\"Organization\",\"@id\":\"https:\/\/activcellgroup.com\/de\/#organization\",\"name\":\"ActivCell Group AG\",\"url\":\"https:\/\/activcellgroup.com\/de\/\",\"logo\":{\"@type\":\"ImageObject\",\"inLanguage\":\"de\",\"@id\":\"https:\/\/activcellgroup.com\/de\/#\/schema\/logo\/image\/\",\"url\":\"https:\/\/activcellgroup.com\/wp-content\/uploads\/activcell-group.jpg\",\"contentUrl\":\"https:\/\/activcellgroup.com\/wp-content\/uploads\/activcell-group.jpg\",\"width\":461,\"height\":275,\"caption\":\"ActivCell Group AG\"},\"image\":{\"@id\":\"https:\/\/activcellgroup.com\/de\/#\/schema\/logo\/image\/\"}}]}<\/script>\n<!-- \/ Yoast SEO plugin. -->","yoast_head_json":{"title":"ActivCellpen - Kaltplasmatherapie f\u00fcr die Humanmedizin","description":"Modernste Kaltplasmatechnologie f\u00fcr die Anwendung in der Humanmedizin mittels eines handlichen, kabellosen Pen.","robots":{"index":"index","follow":"follow","max-snippet":"max-snippet:-1","max-image-preview":"max-image-preview:large","max-video-preview":"max-video-preview:-1"},"canonical":"https:\/\/activcellgroup.com\/de\/activcell\/","og_locale":"de_DE","og_type":"article","og_title":"ActivCellpen - Kaltplasmatherapie f\u00fcr die Humanmedizin","og_description":"Modernste Kaltplasmatechnologie f\u00fcr die Anwendung in der Humanmedizin mittels eines handlichen, kabellosen Pen.","og_url":"https:\/\/activcellgroup.com\/de\/activcell\/","og_site_name":"ActivCell Group AG","article_modified_time":"2024-11-13T10:00:14+00:00","twitter_card":"summary_large_image","schema":{"@context":"https:\/\/schema.org","@graph":[{"@type":"WebPage","@id":"https:\/\/activcellgroup.com\/de\/activcell\/","url":"https:\/\/activcellgroup.com\/de\/activcell\/","name":"ActivCellpen - Kaltplasmatherapie f\u00fcr die Humanmedizin","isPartOf":{"@id":"https:\/\/activcellgroup.com\/de\/#website"},"datePublished":"2020-12-01T18:41:43+00:00","dateModified":"2024-11-13T10:00:14+00:00","description":"Modernste Kaltplasmatechnologie f\u00fcr die Anwendung in der Humanmedizin mittels eines handlichen, kabellosen Pen.","breadcrumb":{"@id":"https:\/\/activcellgroup.com\/de\/activcell\/#breadcrumb"},"inLanguage":"de","potentialAction":[{"@type":"ReadAction","target":["https:\/\/activcellgroup.com\/de\/activcell\/"]}]},{"@type":"BreadcrumbList","@id":"https:\/\/activcellgroup.com\/de\/activcell\/#breadcrumb","itemListElement":[{"@type":"ListItem","position":1,"name":"Startseite","item":"https:\/\/activcellgroup.com\/de\/"},{"@type":"ListItem","position":2,"name":"ActivCell &#8211; Kaltplasmatechnologie f\u00fcr die Humanmedizin"}]},{"@type":"WebSite","@id":"https:\/\/activcellgroup.com\/de\/#website","url":"https:\/\/activcellgroup.com\/de\/","name":"ActivCell Group AG","description":"Kaltplasmatherapie f\u00fcr die medizinische Praxis","publisher":{"@id":"https:\/\/activcellgroup.com\/de\/#organization"},"potentialAction":[{"@type":"SearchAction","target":{"@type":"EntryPoint","urlTemplate":"https:\/\/activcellgroup.com\/de\/?s={search_term_string}"},"query-input":{"@type":"PropertyValueSpecification","valueRequired":true,"valueName":"search_term_string"}}],"inLanguage":"de"},{"@type":"Organization","@id":"https:\/\/activcellgroup.com\/de\/#organization","name":"ActivCell Group AG","url":"https:\/\/activcellgroup.com\/de\/","logo":{"@type":"ImageObject","inLanguage":"de","@id":"https:\/\/activcellgroup.com\/de\/#\/schema\/logo\/image\/","url":"https:\/\/activcellgroup.com\/wp-content\/uploads\/activcell-group.jpg","contentUrl":"https:\/\/activcellgroup.com\/wp-content\/uploads\/activcell-group.jpg","width":461,"height":275,"caption":"ActivCell Group AG"},"image":{"@id":"https:\/\/activcellgroup.com\/de\/#\/schema\/logo\/image\/"}}]}},"_links":{"self":[{"href":"https:\/\/activcellgroup.com\/de\/wp-json\/wp\/v2\/pages\/931","targetHints":{"allow":["GET"]}}],"collection":[{"href":"https:\/\/activcellgroup.com\/de\/wp-json\/wp\/v2\/pages"}],"about":[{"href":"https:\/\/activcellgroup.com\/de\/wp-json\/wp\/v2\/types\/page"}],"author":[{"embeddable":true,"href":"https:\/\/activcellgroup.com\/de\/wp-json\/wp\/v2\/users\/3"}],"replies":[{"embeddable":true,"href":"https:\/\/activcellgroup.com\/de\/wp-json\/wp\/v2\/comments?post=931"}],"version-history":[{"count":0,"href":"https:\/\/activcellgroup.com\/de\/wp-json\/wp\/v2\/pages\/931\/revisions"}],"wp:attachment":[{"href":"https:\/\/activcellgroup.com\/de\/wp-json\/wp\/v2\/media?parent=931"}],"curies":[{"name":"wp","href":"https:\/\/api.w.org\/{rel}","templated":true}]}}