{"id":1509,"date":"2021-02-24T18:56:30","date_gmt":"2021-02-24T17:56:30","guid":{"rendered":"https:\/\/activcellgroup.com\/medecine-humaine\/"},"modified":"2024-12-02T11:24:50","modified_gmt":"2024-12-02T10:24:50","slug":"medecine-humaine","status":"publish","type":"page","link":"https:\/\/activcellgroup.com\/fr\/medecine-humaine\/","title":{"rendered":"ActivCell &#8211; Technologie du plasma froid pour la m\u00e9decine humaine"},"content":{"rendered":"\n<style type=\"text\/css\" data-created_by=\"avia_inline_auto\" id=\"style-css-av-kgzi8537-fd2782ebac320f56f0a36aff38c34a52\">\n.avia-section.av-kgzi8537-fd2782ebac320f56f0a36aff38c34a52{\nmargin-top:0px;\nmargin-bottom:0px;\n}\n<\/style>\n<div id='av_section_1'  class='avia-section av-kgzi8537-fd2782ebac320f56f0a36aff38c34a52 main_color avia-section-small avia-no-border-styling  avia-builder-el-0  el_before_av_section  avia-builder-el-first  activcell-border-top avia-bg-style-scroll container_wrap fullsize'  ><div class='container av-section-cont-open' ><main  role=\"main\" itemprop=\"mainContentOfPage\"  class='template-page content  av-content-full alpha units'><div class='post-entry post-entry-type-page post-entry-1509'><div class='entry-content-wrapper clearfix'>\n\n<style type=\"text\/css\" data-created_by=\"avia_inline_auto\" id=\"style-css-av-kh0g7899-41eb8ba26810c2066b01c230f6c22de9\">\n#top .hr.hr-invisible.av-kh0g7899-41eb8ba26810c2066b01c230f6c22de9{\nheight:40px;\n}\n<\/style>\n<div  class='hr av-kh0g7899-41eb8ba26810c2066b01c230f6c22de9 hr-invisible  avia-builder-el-1  el_before_av_textblock  avia-builder-el-first '><span class='hr-inner '><span class=\"hr-inner-style\"><\/span><\/span><\/div>\n\n<style type=\"text\/css\" data-created_by=\"avia_inline_auto\" id=\"style-css-av-kgqp88ge-d3cee2b06703afe8617876fe07310f39\">\n#top .av_textblock_section.av-kgqp88ge-d3cee2b06703afe8617876fe07310f39 .avia_textblock{\ncolor:#1b2b58;\n}\n<\/style>\n<section  class='av_textblock_section av-kgqp88ge-d3cee2b06703afe8617876fe07310f39 '   itemscope=\"itemscope\" itemtype=\"https:\/\/schema.org\/CreativeWork\" ><div class='avia_textblock av_inherit_color'  itemprop=\"text\" ><h1 style=\"text-align: center;\">Technologie du plasma froid pour la m\u00e9decine humaine<\/h1>\n<\/div><\/section>\n\n<style type=\"text\/css\" data-created_by=\"avia_inline_auto\" id=\"style-css-av-kgqptk8p-58d8b98f3e7e867bbc01533673c480c8\">\n#top .hr.av-kgqptk8p-58d8b98f3e7e867bbc01533673c480c8{\nmargin-top:0px;\nmargin-bottom:0px;\n}\n.hr.av-kgqptk8p-58d8b98f3e7e867bbc01533673c480c8 .hr-inner{\nwidth:180px;\nborder-color:#2ca5fc;\n}\n<\/style>\n<div  class='hr av-kgqptk8p-58d8b98f3e7e867bbc01533673c480c8 hr-custom  avia-builder-el-3  el_after_av_textblock  avia-builder-el-last  hr-center hr-icon-no'><span class='hr-inner inner-border-av-border-fat'><span class=\"hr-inner-style\"><\/span><\/span><\/div>\n\n<\/div><\/div><\/main><!-- close content main element --><\/div><\/div>\n<style type=\"text\/css\" data-created_by=\"avia_inline_auto\" id=\"style-css-av-kh0ftjj0-17a983196651c64598b6b36b7d8798e7\">\n.avia-section.av-kh0ftjj0-17a983196651c64598b6b36b7d8798e7{\nmargin-top:0px;\nmargin-bottom:70px;\n}\n<\/style>\n<div id='av_section_2'  class='avia-section av-kh0ftjj0-17a983196651c64598b6b36b7d8798e7 main_color avia-section-no-padding avia-no-border-styling  avia-builder-el-4  el_after_av_section  avia-builder-el-last  container-smaller avia-bg-style-scroll container_wrap fullsize'  ><div class='container av-section-cont-open' ><div class='template-page content  av-content-full alpha units'><div class='post-entry post-entry-type-page post-entry-1509'><div class='entry-content-wrapper clearfix'>\n<section  class='av_textblock_section av-kgqp88ge-b2f3e132f9ab58e6dcd69301b58539f9 '   itemscope=\"itemscope\" itemtype=\"https:\/\/schema.org\/CreativeWork\" ><div class='avia_textblock intro av_inherit_color'  itemprop=\"text\" ><p style=\"text-align: center;\">L\u2019<strong>ActivCell<\/strong>pen<sup>\u00ae<\/sup> a obtenu le 20.07.2023 le certificat CE (cat\u00e9gorie de dispositifs: MDA pour le traitement des plaies et des soins de la peau) conform\u00e9ment au Medical Device Regulation (MDR) pour l&rsquo;Europe. Ce certificat garantit la conformit\u00e9 de notre produit aux exigences strictes du MDR.<\/p>\n<p style=\"text-align: center;\">L&rsquo;entr\u00e9e sur le march\u00e9 est en pr\u00e9paration.<\/p>\n<\/div><\/section>\n\n","protected":false},"excerpt":{"rendered":"","protected":false},"author":3,"featured_media":0,"parent":0,"menu_order":0,"comment_status":"closed","ping_status":"closed","template":"","meta":{"footnotes":""},"class_list":["post-1509","page","type-page","status-publish","hentry"],"yoast_head":"<!-- This site is optimized with the Yoast SEO plugin v27.1.1 - https:\/\/yoast.com\/product\/yoast-seo-wordpress\/ -->\n<title>ActivCell - Technologie du plasma froid pour la m\u00e9decine humaine - ActivCell Group AG<\/title>\n<meta name=\"robots\" content=\"index, follow, max-snippet:-1, max-image-preview:large, max-video-preview:-1\" \/>\n<link rel=\"canonical\" href=\"https:\/\/activcellgroup.com\/fr\/medecine-humaine\/\" \/>\n<meta property=\"og:locale\" content=\"fr_FR\" \/>\n<meta property=\"og:type\" content=\"article\" \/>\n<meta property=\"og:title\" content=\"ActivCell - Technologie du plasma froid pour la m\u00e9decine humaine - ActivCell Group AG\" \/>\n<meta property=\"og:url\" content=\"https:\/\/activcellgroup.com\/fr\/medecine-humaine\/\" \/>\n<meta property=\"og:site_name\" content=\"ActivCell Group AG\" \/>\n<meta property=\"article:modified_time\" content=\"2024-12-02T10:24:50+00:00\" \/>\n<meta name=\"twitter:card\" content=\"summary_large_image\" \/>\n<meta name=\"twitter:label1\" content=\"Dur\u00e9e de lecture estim\u00e9e\" \/>\n\t<meta name=\"twitter:data1\" content=\"1 minute\" \/>\n<script type=\"application\/ld+json\" class=\"yoast-schema-graph\">{\"@context\":\"https:\/\/schema.org\",\"@graph\":[{\"@type\":\"WebPage\",\"@id\":\"https:\/\/activcellgroup.com\/fr\/medecine-humaine\/\",\"url\":\"https:\/\/activcellgroup.com\/fr\/medecine-humaine\/\",\"name\":\"ActivCell - Technologie du plasma froid pour la m\u00e9decine humaine - ActivCell Group AG\",\"isPartOf\":{\"@id\":\"https:\/\/activcellgroup.com\/fr\/#website\"},\"datePublished\":\"2021-02-24T17:56:30+00:00\",\"dateModified\":\"2024-12-02T10:24:50+00:00\",\"breadcrumb\":{\"@id\":\"https:\/\/activcellgroup.com\/fr\/medecine-humaine\/#breadcrumb\"},\"inLanguage\":\"fr-FR\",\"potentialAction\":[{\"@type\":\"ReadAction\",\"target\":[\"https:\/\/activcellgroup.com\/fr\/medecine-humaine\/\"]}]},{\"@type\":\"BreadcrumbList\",\"@id\":\"https:\/\/activcellgroup.com\/fr\/medecine-humaine\/#breadcrumb\",\"itemListElement\":[{\"@type\":\"ListItem\",\"position\":1,\"name\":\"Startseite\",\"item\":\"https:\/\/activcellgroup.com\/fr\/\"},{\"@type\":\"ListItem\",\"position\":2,\"name\":\"ActivCell &#8211; Technologie du plasma froid pour la m\u00e9decine humaine\"}]},{\"@type\":\"WebSite\",\"@id\":\"https:\/\/activcellgroup.com\/fr\/#website\",\"url\":\"https:\/\/activcellgroup.com\/fr\/\",\"name\":\"ActivCell Group AG\",\"description\":\"Kaltplasmatherapie f\u00fcr die medizinische Praxis\",\"publisher\":{\"@id\":\"https:\/\/activcellgroup.com\/fr\/#organization\"},\"potentialAction\":[{\"@type\":\"SearchAction\",\"target\":{\"@type\":\"EntryPoint\",\"urlTemplate\":\"https:\/\/activcellgroup.com\/fr\/?s={search_term_string}\"},\"query-input\":{\"@type\":\"PropertyValueSpecification\",\"valueRequired\":true,\"valueName\":\"search_term_string\"}}],\"inLanguage\":\"fr-FR\"},{\"@type\":\"Organization\",\"@id\":\"https:\/\/activcellgroup.com\/fr\/#organization\",\"name\":\"ActivCell Group AG\",\"url\":\"https:\/\/activcellgroup.com\/fr\/\",\"logo\":{\"@type\":\"ImageObject\",\"inLanguage\":\"fr-FR\",\"@id\":\"https:\/\/activcellgroup.com\/fr\/#\/schema\/logo\/image\/\",\"url\":\"https:\/\/activcellgroup.com\/wp-content\/uploads\/activcell-group.jpg\",\"contentUrl\":\"https:\/\/activcellgroup.com\/wp-content\/uploads\/activcell-group.jpg\",\"width\":461,\"height\":275,\"caption\":\"ActivCell Group AG\"},\"image\":{\"@id\":\"https:\/\/activcellgroup.com\/fr\/#\/schema\/logo\/image\/\"}}]}<\/script>\n<!-- \/ Yoast SEO plugin. -->","yoast_head_json":{"title":"ActivCell - Technologie du plasma froid pour la m\u00e9decine humaine - ActivCell Group AG","robots":{"index":"index","follow":"follow","max-snippet":"max-snippet:-1","max-image-preview":"max-image-preview:large","max-video-preview":"max-video-preview:-1"},"canonical":"https:\/\/activcellgroup.com\/fr\/medecine-humaine\/","og_locale":"fr_FR","og_type":"article","og_title":"ActivCell - Technologie du plasma froid pour la m\u00e9decine humaine - ActivCell Group AG","og_url":"https:\/\/activcellgroup.com\/fr\/medecine-humaine\/","og_site_name":"ActivCell Group AG","article_modified_time":"2024-12-02T10:24:50+00:00","twitter_card":"summary_large_image","twitter_misc":{"Dur\u00e9e de lecture estim\u00e9e":"1 minute"},"schema":{"@context":"https:\/\/schema.org","@graph":[{"@type":"WebPage","@id":"https:\/\/activcellgroup.com\/fr\/medecine-humaine\/","url":"https:\/\/activcellgroup.com\/fr\/medecine-humaine\/","name":"ActivCell - Technologie du plasma froid pour la m\u00e9decine humaine - ActivCell Group AG","isPartOf":{"@id":"https:\/\/activcellgroup.com\/fr\/#website"},"datePublished":"2021-02-24T17:56:30+00:00","dateModified":"2024-12-02T10:24:50+00:00","breadcrumb":{"@id":"https:\/\/activcellgroup.com\/fr\/medecine-humaine\/#breadcrumb"},"inLanguage":"fr-FR","potentialAction":[{"@type":"ReadAction","target":["https:\/\/activcellgroup.com\/fr\/medecine-humaine\/"]}]},{"@type":"BreadcrumbList","@id":"https:\/\/activcellgroup.com\/fr\/medecine-humaine\/#breadcrumb","itemListElement":[{"@type":"ListItem","position":1,"name":"Startseite","item":"https:\/\/activcellgroup.com\/fr\/"},{"@type":"ListItem","position":2,"name":"ActivCell &#8211; Technologie du plasma froid pour la m\u00e9decine humaine"}]},{"@type":"WebSite","@id":"https:\/\/activcellgroup.com\/fr\/#website","url":"https:\/\/activcellgroup.com\/fr\/","name":"ActivCell Group AG","description":"Kaltplasmatherapie f\u00fcr die medizinische Praxis","publisher":{"@id":"https:\/\/activcellgroup.com\/fr\/#organization"},"potentialAction":[{"@type":"SearchAction","target":{"@type":"EntryPoint","urlTemplate":"https:\/\/activcellgroup.com\/fr\/?s={search_term_string}"},"query-input":{"@type":"PropertyValueSpecification","valueRequired":true,"valueName":"search_term_string"}}],"inLanguage":"fr-FR"},{"@type":"Organization","@id":"https:\/\/activcellgroup.com\/fr\/#organization","name":"ActivCell Group AG","url":"https:\/\/activcellgroup.com\/fr\/","logo":{"@type":"ImageObject","inLanguage":"fr-FR","@id":"https:\/\/activcellgroup.com\/fr\/#\/schema\/logo\/image\/","url":"https:\/\/activcellgroup.com\/wp-content\/uploads\/activcell-group.jpg","contentUrl":"https:\/\/activcellgroup.com\/wp-content\/uploads\/activcell-group.jpg","width":461,"height":275,"caption":"ActivCell Group AG"},"image":{"@id":"https:\/\/activcellgroup.com\/fr\/#\/schema\/logo\/image\/"}}]}},"_links":{"self":[{"href":"https:\/\/activcellgroup.com\/fr\/wp-json\/wp\/v2\/pages\/1509","targetHints":{"allow":["GET"]}}],"collection":[{"href":"https:\/\/activcellgroup.com\/fr\/wp-json\/wp\/v2\/pages"}],"about":[{"href":"https:\/\/activcellgroup.com\/fr\/wp-json\/wp\/v2\/types\/page"}],"author":[{"embeddable":true,"href":"https:\/\/activcellgroup.com\/fr\/wp-json\/wp\/v2\/users\/3"}],"replies":[{"embeddable":true,"href":"https:\/\/activcellgroup.com\/fr\/wp-json\/wp\/v2\/comments?post=1509"}],"version-history":[{"count":0,"href":"https:\/\/activcellgroup.com\/fr\/wp-json\/wp\/v2\/pages\/1509\/revisions"}],"wp:attachment":[{"href":"https:\/\/activcellgroup.com\/fr\/wp-json\/wp\/v2\/media?parent=1509"}],"curies":[{"name":"wp","href":"https:\/\/api.w.org\/{rel}","templated":true}]}}