{"id":1541,"date":"2021-02-25T15:32:49","date_gmt":"2021-02-25T14:32:49","guid":{"rendered":"https:\/\/activcellgroup.com\/google-guide-ditineraire-mosen\/"},"modified":"2021-02-25T15:32:50","modified_gmt":"2021-02-25T14:32:50","slug":"google-guide-ditineraire-mosen","status":"publish","type":"page","link":"https:\/\/activcellgroup.com\/fr\/google-guide-ditineraire-mosen\/","title":{"rendered":"Google guide d&rsquo;itin\u00e9raire Mosen"},"content":{"rendered":"<div id='av_section_1'  class='avia-section av-khw67m8w-143773f26e9b24dda61d4a3059d985c9 main_color avia-section-default avia-no-border-styling  avia-builder-el-0  avia-builder-el-no-sibling  container-smaller avia-bg-style-scroll container_wrap fullsize'  ><div class='container av-section-cont-open' ><main  role=\"main\" itemprop=\"mainContentOfPage\"  class='template-page content  av-content-full alpha units'><div class='post-entry post-entry-type-page post-entry-1541'><div class='entry-content-wrapper clearfix'>\n\n<style type=\"text\/css\" data-created_by=\"avia_inline_auto\" id=\"style-css-av-k6psw-7370e3b5d8acaaebba35d57ad284a00e\">\n.flex_column.av-k6psw-7370e3b5d8acaaebba35d57ad284a00e{\nborder-radius:0px 0px 0px 0px;\npadding:0px 0px 0px 0px;\n}\n<\/style>\n<div  class='flex_column av-k6psw-7370e3b5d8acaaebba35d57ad284a00e av_one_full  avia-builder-el-1  el_before_av_one_fourth  avia-builder-el-first  first flex_column_div av-zero-column-padding  '     ><style type=\"text\/css\" data-created_by=\"avia_inline_auto\" id=\"style-css-av-khw5fnb5-2698a85be7ee59b51b53ae6de5a96715\">\n\n@media only screen and (min-width: 480px) and (max-width: 767px){ \n#top .av_textblock_section.av-khw5fnb5-2698a85be7ee59b51b53ae6de5a96715 .avia_textblock{\nfont-size:18px;\n}\n}\n\n@media only screen and (max-width: 479px){ \n#top .av_textblock_section.av-khw5fnb5-2698a85be7ee59b51b53ae6de5a96715 .avia_textblock{\nfont-size:18px;\n}\n}\n<\/style>\n<section  class='av_textblock_section av-khw5fnb5-2698a85be7ee59b51b53ae6de5a96715 '   itemscope=\"itemscope\" itemtype=\"https:\/\/schema.org\/CreativeWork\" ><div class='avia_textblock'  itemprop=\"text\" ><h3 style=\"text-align: center;\">Si vous le souhaitez, vous pouvez maintenant \u00eatre redirig\u00e9 vers le planificateur d&rsquo;itin\u00e9raire Google.<\/h3>\n<\/div><\/section><br \/>\n\n<style type=\"text\/css\" data-created_by=\"avia_inline_auto\" id=\"style-css-av-kgqptk8p-c433afe10572db37335462d74acfa6a0\">\n#top .hr.av-kgqptk8p-c433afe10572db37335462d74acfa6a0{\nmargin-top:0px;\nmargin-bottom:15px;\n}\n.hr.av-kgqptk8p-c433afe10572db37335462d74acfa6a0 .hr-inner{\nwidth:180px;\nborder-color:#2ca5fc;\n}\n<\/style>\n<div  class='hr av-kgqptk8p-c433afe10572db37335462d74acfa6a0 hr-custom  avia-builder-el-3  el_after_av_textblock  avia-builder-el-last  hr-center hr-icon-no'><span class='hr-inner inner-border-av-border-fat'><span class=\"hr-inner-style\"><\/span><\/span><\/div><\/p><\/div>\n<style type=\"text\/css\" data-created_by=\"avia_inline_auto\" id=\"style-css-av-dd3zc-bfe9dec449840d9affb319c1dc177b8e\">\n.flex_column.av-dd3zc-bfe9dec449840d9affb319c1dc177b8e{\nborder-radius:0px 0px 0px 0px;\npadding:0px 0px 0px 0px;\n}\n<\/style>\n<div  class='flex_column av-dd3zc-bfe9dec449840d9affb319c1dc177b8e av_one_fourth  avia-builder-el-4  el_after_av_one_full  el_before_av_one_fourth  first flex_column_div av-zero-column-padding  column-top-margin'     ><\/div>\n<style type=\"text\/css\" data-created_by=\"avia_inline_auto\" id=\"style-css-av-dd3zc-9fdbd3c6300be04023773627bca32ab0\">\n.flex_column.av-dd3zc-9fdbd3c6300be04023773627bca32ab0{\nborder-radius:0px 0px 0px 0px;\npadding:0px 0px 0px 0px;\n}\n<\/style>\n<div  class='flex_column av-dd3zc-9fdbd3c6300be04023773627bca32ab0 av_one_fourth  avia-builder-el-5  el_after_av_one_fourth  el_before_av_one_fourth  flex_column_div av-zero-column-padding  column-top-margin'     ><div  class='avia-button-wrap av-khw5dkud-a978ad1af9a775fbb390740632d7323b-wrap avia-button-center  avia-builder-el-6  avia-builder-el-no-sibling '><a href='https:\/\/www.google.com\/maps\/place\/Equcell\/@47.2405065,8.2257291,17z\/data=!4m13!1m7!3m6!1s0x47901bf1b489643b:0x8a91bbc04836bbdb!2sLuzernerstrasse+20,+6295+Mosen,+Schweiz!3b1!8m2!3d47.2404868!4d8.2273699!3m4!1s0x47901971ad666e17:0xdd564727049a53a9!8m2!3d47.2405228!4d8.2279082'  class='avia-button av-khw5dkud-a978ad1af9a775fbb390740632d7323b av-link-btn avia-icon_select-yes-right-icon avia-size-small avia-position-center avia-color-theme-color'  target=\"_blank\"  rel=\"noopener noreferrer\"  aria-label=\"Oui, d\u2019accord\"><span class='avia_iconbox_title' >Oui, d\u2019accord<\/span><span class='avia_button_icon avia_button_icon_right avia-iconfont avia-font-entypo-fontello' data-av_icon='\ue812' data-av_iconfont='entypo-fontello' ><\/span><\/a><\/div><\/div>\n<style type=\"text\/css\" data-created_by=\"avia_inline_auto\" id=\"style-css-av-8i4lk-f4f42723aff029b2db527ed8256fbf11\">\n.flex_column.av-8i4lk-f4f42723aff029b2db527ed8256fbf11{\nborder-radius:0px 0px 0px 0px;\npadding:0px 0px 0px 0px;\n}\n<\/style>\n<div  class='flex_column av-8i4lk-f4f42723aff029b2db527ed8256fbf11 av_one_fourth  avia-builder-el-7  el_after_av_one_fourth  el_before_av_one_fourth  flex_column_div av-zero-column-padding  column-top-margin'     ><div  class='avia-button-wrap av-khw5ek62-6764cf897f44a6aaccf245c12b7c2946-wrap avia-button-center  avia-builder-el-8  avia-builder-el-no-sibling '><a href=''  class='avia-button av-khw5ek62-6764cf897f44a6aaccf245c12b7c2946 av-link-btn avia-icon_select-yes-right-icon avia-size-small avia-position-center avia-color-theme-color'   aria-label=\"Non, merci.\"><span class='avia_iconbox_title' >Non, merci.<\/span><span class='avia_button_icon avia_button_icon_right avia-iconfont avia-font-entypo-fontello' data-av_icon='\ue813' data-av_iconfont='entypo-fontello' ><\/span><\/a><\/div><\/div>\n<style type=\"text\/css\" data-created_by=\"avia_inline_auto\" id=\"style-css-av-dd3zc-9fdbd3c6300be04023773627bca32ab0\">\n.flex_column.av-dd3zc-9fdbd3c6300be04023773627bca32ab0{\nborder-radius:0px 0px 0px 0px;\npadding:0px 0px 0px 0px;\n}\n<\/style>\n<div  class='flex_column av-dd3zc-9fdbd3c6300be04023773627bca32ab0 av_one_fourth  avia-builder-el-9  el_after_av_one_fourth  avia-builder-el-last  flex_column_div av-zero-column-padding  column-top-margin'     ><\/div>\n","protected":false},"excerpt":{"rendered":"","protected":false},"author":3,"featured_media":0,"parent":0,"menu_order":0,"comment_status":"closed","ping_status":"closed","template":"template-blank.php","meta":{"footnotes":""},"class_list":["post-1541","page","type-page","status-publish","hentry"],"yoast_head":"<!-- This site is optimized with the Yoast SEO plugin v27.1.1 - https:\/\/yoast.com\/product\/yoast-seo-wordpress\/ -->\n<title>Google guide d&#039;itin\u00e9raire Mosen - ActivCell Group AG<\/title>\n<meta name=\"robots\" content=\"index, follow, max-snippet:-1, max-image-preview:large, max-video-preview:-1\" \/>\n<link rel=\"canonical\" href=\"https:\/\/activcellgroup.com\/fr\/google-guide-ditineraire-mosen\/\" \/>\n<meta property=\"og:locale\" content=\"fr_FR\" \/>\n<meta property=\"og:type\" content=\"article\" \/>\n<meta property=\"og:title\" content=\"Google guide d&#039;itin\u00e9raire Mosen - ActivCell Group AG\" \/>\n<meta property=\"og:url\" content=\"https:\/\/activcellgroup.com\/fr\/google-guide-ditineraire-mosen\/\" \/>\n<meta property=\"og:site_name\" content=\"ActivCell Group AG\" \/>\n<meta property=\"article:modified_time\" content=\"2021-02-25T14:32:50+00:00\" \/>\n<meta name=\"twitter:card\" content=\"summary_large_image\" \/>\n<meta name=\"twitter:label1\" content=\"Dur\u00e9e de lecture estim\u00e9e\" \/>\n\t<meta name=\"twitter:data1\" content=\"5 minutes\" \/>\n<script type=\"application\/ld+json\" class=\"yoast-schema-graph\">{\"@context\":\"https:\/\/schema.org\",\"@graph\":[{\"@type\":\"WebPage\",\"@id\":\"https:\/\/activcellgroup.com\/fr\/google-guide-ditineraire-mosen\/\",\"url\":\"https:\/\/activcellgroup.com\/fr\/google-guide-ditineraire-mosen\/\",\"name\":\"Google guide d'itin\u00e9raire Mosen - ActivCell Group AG\",\"isPartOf\":{\"@id\":\"https:\/\/activcellgroup.com\/fr\/#website\"},\"datePublished\":\"2021-02-25T14:32:49+00:00\",\"dateModified\":\"2021-02-25T14:32:50+00:00\",\"breadcrumb\":{\"@id\":\"https:\/\/activcellgroup.com\/fr\/google-guide-ditineraire-mosen\/#breadcrumb\"},\"inLanguage\":\"fr-FR\",\"potentialAction\":[{\"@type\":\"ReadAction\",\"target\":[\"https:\/\/activcellgroup.com\/fr\/google-guide-ditineraire-mosen\/\"]}]},{\"@type\":\"BreadcrumbList\",\"@id\":\"https:\/\/activcellgroup.com\/fr\/google-guide-ditineraire-mosen\/#breadcrumb\",\"itemListElement\":[{\"@type\":\"ListItem\",\"position\":1,\"name\":\"Startseite\",\"item\":\"https:\/\/activcellgroup.com\/fr\/\"},{\"@type\":\"ListItem\",\"position\":2,\"name\":\"Google guide d&#8217;itin\u00e9raire Mosen\"}]},{\"@type\":\"WebSite\",\"@id\":\"https:\/\/activcellgroup.com\/fr\/#website\",\"url\":\"https:\/\/activcellgroup.com\/fr\/\",\"name\":\"ActivCell Group AG\",\"description\":\"Kaltplasmatherapie f\u00fcr die medizinische Praxis\",\"publisher\":{\"@id\":\"https:\/\/activcellgroup.com\/fr\/#organization\"},\"potentialAction\":[{\"@type\":\"SearchAction\",\"target\":{\"@type\":\"EntryPoint\",\"urlTemplate\":\"https:\/\/activcellgroup.com\/fr\/?s={search_term_string}\"},\"query-input\":{\"@type\":\"PropertyValueSpecification\",\"valueRequired\":true,\"valueName\":\"search_term_string\"}}],\"inLanguage\":\"fr-FR\"},{\"@type\":\"Organization\",\"@id\":\"https:\/\/activcellgroup.com\/fr\/#organization\",\"name\":\"ActivCell Group AG\",\"url\":\"https:\/\/activcellgroup.com\/fr\/\",\"logo\":{\"@type\":\"ImageObject\",\"inLanguage\":\"fr-FR\",\"@id\":\"https:\/\/activcellgroup.com\/fr\/#\/schema\/logo\/image\/\",\"url\":\"https:\/\/activcellgroup.com\/wp-content\/uploads\/activcell-group.jpg\",\"contentUrl\":\"https:\/\/activcellgroup.com\/wp-content\/uploads\/activcell-group.jpg\",\"width\":461,\"height\":275,\"caption\":\"ActivCell Group AG\"},\"image\":{\"@id\":\"https:\/\/activcellgroup.com\/fr\/#\/schema\/logo\/image\/\"}}]}<\/script>\n<!-- \/ Yoast SEO plugin. -->","yoast_head_json":{"title":"Google guide d'itin\u00e9raire Mosen - ActivCell Group AG","robots":{"index":"index","follow":"follow","max-snippet":"max-snippet:-1","max-image-preview":"max-image-preview:large","max-video-preview":"max-video-preview:-1"},"canonical":"https:\/\/activcellgroup.com\/fr\/google-guide-ditineraire-mosen\/","og_locale":"fr_FR","og_type":"article","og_title":"Google guide d'itin\u00e9raire Mosen - ActivCell Group AG","og_url":"https:\/\/activcellgroup.com\/fr\/google-guide-ditineraire-mosen\/","og_site_name":"ActivCell Group AG","article_modified_time":"2021-02-25T14:32:50+00:00","twitter_card":"summary_large_image","twitter_misc":{"Dur\u00e9e de lecture estim\u00e9e":"5 minutes"},"schema":{"@context":"https:\/\/schema.org","@graph":[{"@type":"WebPage","@id":"https:\/\/activcellgroup.com\/fr\/google-guide-ditineraire-mosen\/","url":"https:\/\/activcellgroup.com\/fr\/google-guide-ditineraire-mosen\/","name":"Google guide d'itin\u00e9raire Mosen - ActivCell Group AG","isPartOf":{"@id":"https:\/\/activcellgroup.com\/fr\/#website"},"datePublished":"2021-02-25T14:32:49+00:00","dateModified":"2021-02-25T14:32:50+00:00","breadcrumb":{"@id":"https:\/\/activcellgroup.com\/fr\/google-guide-ditineraire-mosen\/#breadcrumb"},"inLanguage":"fr-FR","potentialAction":[{"@type":"ReadAction","target":["https:\/\/activcellgroup.com\/fr\/google-guide-ditineraire-mosen\/"]}]},{"@type":"BreadcrumbList","@id":"https:\/\/activcellgroup.com\/fr\/google-guide-ditineraire-mosen\/#breadcrumb","itemListElement":[{"@type":"ListItem","position":1,"name":"Startseite","item":"https:\/\/activcellgroup.com\/fr\/"},{"@type":"ListItem","position":2,"name":"Google guide d&#8217;itin\u00e9raire Mosen"}]},{"@type":"WebSite","@id":"https:\/\/activcellgroup.com\/fr\/#website","url":"https:\/\/activcellgroup.com\/fr\/","name":"ActivCell Group AG","description":"Kaltplasmatherapie f\u00fcr die medizinische Praxis","publisher":{"@id":"https:\/\/activcellgroup.com\/fr\/#organization"},"potentialAction":[{"@type":"SearchAction","target":{"@type":"EntryPoint","urlTemplate":"https:\/\/activcellgroup.com\/fr\/?s={search_term_string}"},"query-input":{"@type":"PropertyValueSpecification","valueRequired":true,"valueName":"search_term_string"}}],"inLanguage":"fr-FR"},{"@type":"Organization","@id":"https:\/\/activcellgroup.com\/fr\/#organization","name":"ActivCell Group AG","url":"https:\/\/activcellgroup.com\/fr\/","logo":{"@type":"ImageObject","inLanguage":"fr-FR","@id":"https:\/\/activcellgroup.com\/fr\/#\/schema\/logo\/image\/","url":"https:\/\/activcellgroup.com\/wp-content\/uploads\/activcell-group.jpg","contentUrl":"https:\/\/activcellgroup.com\/wp-content\/uploads\/activcell-group.jpg","width":461,"height":275,"caption":"ActivCell Group AG"},"image":{"@id":"https:\/\/activcellgroup.com\/fr\/#\/schema\/logo\/image\/"}}]}},"_links":{"self":[{"href":"https:\/\/activcellgroup.com\/fr\/wp-json\/wp\/v2\/pages\/1541","targetHints":{"allow":["GET"]}}],"collection":[{"href":"https:\/\/activcellgroup.com\/fr\/wp-json\/wp\/v2\/pages"}],"about":[{"href":"https:\/\/activcellgroup.com\/fr\/wp-json\/wp\/v2\/types\/page"}],"author":[{"embeddable":true,"href":"https:\/\/activcellgroup.com\/fr\/wp-json\/wp\/v2\/users\/3"}],"replies":[{"embeddable":true,"href":"https:\/\/activcellgroup.com\/fr\/wp-json\/wp\/v2\/comments?post=1541"}],"version-history":[{"count":0,"href":"https:\/\/activcellgroup.com\/fr\/wp-json\/wp\/v2\/pages\/1541\/revisions"}],"wp:attachment":[{"href":"https:\/\/activcellgroup.com\/fr\/wp-json\/wp\/v2\/media?parent=1541"}],"curies":[{"name":"wp","href":"https:\/\/api.w.org\/{rel}","templated":true}]}}